{"id":1661,"date":"2024-08-22T16:23:56","date_gmt":"2024-08-22T13:23:56","guid":{"rendered":"https:\/\/nkpapildai.lt\/?page_id=1661"},"modified":"2025-08-20T09:14:57","modified_gmt":"2025-08-20T07:14:57","slug":"grazinimo-politika","status":"publish","type":"page","link":"https:\/\/nkpapildai.lt\/en\/grazinimo-politika\/","title":{"rendered":"Gr\u0105\u017einimo Politika"},"content":{"rendered":"<div data-elementor-type=\"wp-page\" data-elementor-id=\"1661\" class=\"elementor elementor-1661\" data-elementor-post-type=\"page\">\n\t\t\t\t<div class=\"elementor-element elementor-element-b5919af e-flex e-con-boxed e-con e-parent\" data-id=\"b5919af\" data-element_type=\"container\" data-e-type=\"container\">\n\t\t\t\t\t<div class=\"e-con-inner\">\n\t\t\t\t<div class=\"elementor-element elementor-element-76d2fc0 elementor-widget elementor-widget-text-editor\" data-id=\"76d2fc0\" data-element_type=\"widget\" data-e-type=\"widget\" data-widget_type=\"text-editor.default\">\n\t\t\t\t<div class=\"elementor-widget-container\">\n\t\t\t\t\t\t\t\t\t<h3>\u041aOKYBI\u0160K\u0172 (NEBROKUOT\u0172) PREKI\u0172 GR\u0104\u017dINIMO S\u0104LYGOS<\/h3>\n<ol>\n<li>Jeigu J\u016bs\u0173 \u012fsigytos prek\u0117s netiko, jas galite gr\u0105\u017einti per 14 kalendorini\u0173 dien\u0173 nuo j\u0173 pristatymo\/atsi\u0117mimo.<\/li>\n<li>Gr\u0105\u017einamos prek\u0117s privalo&nbsp;b\u016bti gr\u0105\u017einamos su originaliomis&nbsp;etiket\u0117mis, apsauginiais mai\u0161eliais ir originalia, nesugadinta pakuote, jos negali b\u016bti d\u0117v\u0117tos, sugadintos ar kitaip naudotos. Klientui, kuris gr\u0105\u017eina prek\u0119, tenka kokybi\u0161k\u0173 preki\u0173 siuntimo i\u0161laidos.<\/li>\n<li>Prie\u0161 gr\u0105\u017einant prek\u0119, pra\u0161ome informuoti&nbsp;klient\u0173 aptarnavimo skyri\u0173&nbsp;&nbsp;el. pa\u0161tu:&nbsp;parduotuve@nkpapildai.lt, lai\u0161ko temoje nurodant &#8222;Gr\u0105\u017einimas&#8221; ir prek\u0117s u\u017esakymo numer\u012f bei norim\u0105 gr\u0105\u017einimo b\u016bd\u0105 &#8211; kurjeriu arba pa\u0161tomatu. Duomenis, reikalingus prek\u0117s gr\u0105\u017einimui, atsi\u0173sime Jums per 24 val.&nbsp;<\/li>\n<li>I\u0161siuntus gr\u0105\u017einamas prekes, pra\u0161ome atsi\u0173sti gr\u0105\u017einim\u0105 patvirtinan\u010dio dokumento &#8211; kvito kopij\u0105 su siuntos numeriu.<\/li>\n<li>Pinigai klientui gr\u0105\u017einami pervedant juos \u012f banko s\u0105skait\u0105, i\u0161 kurios buvo darytas pavedimas prek\u0117s \u012fsigijimo metu. Pinigai u\u017e prekes gr\u0105\u017einami per 7 darbo dienas nuo tos dienos, kai prek\u0117 pasiekia&nbsp;pardav\u0117jo nurodyt\u0105 adres\u0105.<\/li>\n<li>Pardav\u0117jas&nbsp;neatsako u\u017e siuntinius, kurie buvo i\u0161si\u0173sti neteisingai&nbsp;nurod\u017eius adres\u0105 ar telefono numer\u012f.&nbsp;<\/li>\n<\/ol>\n<h3>NEKOKYBI\u0160K\u0172 (BROKUOT\u0172) PREKI\u0172 GR\u0104\u017dINIMO S\u0104LYGOS:<\/h3>\n<ol>\n<li>Klientai&nbsp;turi teis\u0119 savo pasirinkimu reikalauti i\u0161 pardav\u0117jo, jei buvo \u012fsigyta&nbsp;netinkamos kokyb\u0117s prek\u0117, arba reikalauti&nbsp;pardav\u0117jo:<\/li>\n<\/ol>\n<p>&nbsp; &nbsp; &nbsp;&#8211; pakeisti brokuot\u0105&nbsp;prek\u0119 \u012f tinkamos kokyb\u0117s prek\u0119;<\/p>\n<p>&nbsp; &nbsp; &nbsp;&#8211; suma\u017einti prek\u0117s kain\u0105;<\/p>\n<p>&nbsp; &nbsp; &nbsp;&#8211; gr\u0105\u017einti sumok\u0117tus pinigus ir viena\u0161ali\u0161kai nutraukti sutart\u012f.<\/p>\n<ol start=\"2\">\n<li>Norimas gr\u0105\u017einti prekes klientas&nbsp;turi pristatyti kurjeriu arba pa\u0161tomatu. U\u017e nekokybi\u0161k\u0173 preki\u0173 gr\u0105\u017einim\u0105 i\u0161laidas kompensuoja&nbsp;pardav\u0117jas.<\/li>\n<li>Pardav\u0117jas\u012fsipareigoja gr\u0105\u017einti pinigus u\u017e netinkamos kokyb\u0117s prekes, jeigu&nbsp;prek\u0117s netinkama kokyb\u0117 pasirei\u0161kia gamybiniu defektu.<\/li>\n<li>Pinigai klientui gr\u0105\u017einami pervedant juos \u012f banko s\u0105skait\u0105, i\u0161 kurios buvo darytas pavedimas prek\u0117s \u012fsigijimo metu.&nbsp;<\/li>\n<li>Jei prek\u0117 gauta nekokybi\u0161ka arba gautas ne tas produktas, kur\u012f klientas u\u017esak\u0117, i\u0161siuntus gr\u0105\u017einam\u0105 prek\u0119, nedelsiant reikia informuoti klient\u0173 aptarnavimo skyri\u0173 el. pa\u0161tu:&nbsp;parduotuve@nkpapildai.lt apie patirtas pa\u0161to i\u0161laidas, susijusias su prek\u0117s gr\u0105\u017einimu, atsiun\u010diant skenuot\u0105 arba nufotografuot\u0105 pa\u0161to kvit\u0105 el. pa\u0161tu.&nbsp;<\/li>\n<\/ol><div><p style=\"font-size: 17px; font-style: normal; font-weight: 400; text-align: justify;\">MB &#8222;Nk papildai&#8221;<\/p><p style=\"font-size: 17px; font-style: normal; font-weight: 400; text-align: justify;\">\u012emon\u0117s kodas:&nbsp;307364066<\/p><p style=\"font-size: 17px; font-style: normal; font-weight: 400; text-align: justify;\">V. Nagevi\u010diaus g. 3-54, LT-08237 Vilnius<\/p><\/div>\t\t\t\t\t\t\t\t<\/div>\n\t\t\t\t<\/div>\n\t\t\t\t\t<\/div>\n\t\t\t\t<\/div>\n\t\t\t\t<\/div>","protected":false},"excerpt":{"rendered":"<p>\u041aOKYBI\u0160K\u0172 (NEBROKUOT\u0172) PREKI\u0172 GR\u0104\u017dINIMO S\u0104LYGOS Jeigu J\u016bs\u0173 \u012fsigytos prek\u0117s netiko, jas galite gr\u0105\u017einti per 14 kalendorini\u0173 dien\u0173 nuo j\u0173 pristatymo\/atsi\u0117mimo. Gr\u0105\u017einamos prek\u0117s privalo&nbsp;b\u016bti gr\u0105\u017einamos su originaliomis&nbsp;etiket\u0117mis, apsauginiais mai\u0161eliais ir originalia, nesugadinta pakuote, jos negali b\u016bti d\u0117v\u0117tos, sugadintos ar kitaip naudotos. Klientui, kuris gr\u0105\u017eina prek\u0119, tenka kokybi\u0161k\u0173 preki\u0173 siuntimo i\u0161laidos. Prie\u0161 gr\u0105\u017einant prek\u0119, pra\u0161ome informuoti&nbsp;klient\u0173 aptarnavimo [&hellip;]<\/p>\n","protected":false},"author":1,"featured_media":0,"parent":0,"menu_order":0,"comment_status":"closed","ping_status":"closed","template":"","meta":{"site-sidebar-layout":"no-sidebar","site-content-layout":"page-builder","ast-site-content-layout":"full-width-container","site-content-style":"default","site-sidebar-style":"default","ast-global-header-display":"","ast-banner-title-visibility":"","ast-main-header-display":"","ast-hfb-above-header-display":"","ast-hfb-below-header-display":"","ast-hfb-mobile-header-display":"","site-post-title":"disabled","ast-breadcrumbs-content":"","ast-featured-img":"disabled","footer-sml-layout":"","theme-transparent-header-meta":"","adv-header-id-meta":"","stick-header-meta":"","header-above-stick-meta":"","header-main-stick-meta":"","header-below-stick-meta":"","astra-migrate-meta-layouts":"default","ast-page-background-enabled":"default","ast-page-background-meta":{"desktop":{"background-color":"var(--ast-global-color-4)","background-image":"","background-repeat":"repeat","background-position":"center center","background-size":"auto","background-attachment":"scroll","background-type":"","background-media":"","overlay-type":"","overlay-color":"","overlay-opacity":"","overlay-gradient":""},"tablet":{"background-color":"","background-image":"","background-repeat":"repeat","background-position":"center center","background-size":"auto","background-attachment":"scroll","background-type":"","background-media":"","overlay-type":"","overlay-color":"","overlay-opacity":"","overlay-gradient":""},"mobile":{"background-color":"","background-image":"","background-repeat":"repeat","background-position":"center center","background-size":"auto","background-attachment":"scroll","background-type":"","background-media":"","overlay-type":"","overlay-color":"","overlay-opacity":"","overlay-gradient":""}},"ast-content-background-meta":{"desktop":{"background-color":"var(--ast-global-color-5)","background-image":"","background-repeat":"repeat","background-position":"center center","background-size":"auto","background-attachment":"scroll","background-type":"","background-media":"","overlay-type":"","overlay-color":"","overlay-opacity":"","overlay-gradient":""},"tablet":{"background-color":"var(--ast-global-color-5)","background-image":"","background-repeat":"repeat","background-position":"center center","background-size":"auto","background-attachment":"scroll","background-type":"","background-media":"","overlay-type":"","overlay-color":"","overlay-opacity":"","overlay-gradient":""},"mobile":{"background-color":"var(--ast-global-color-5)","background-image":"","background-repeat":"repeat","background-position":"center center","background-size":"auto","background-attachment":"scroll","background-type":"","background-media":"","overlay-type":"","overlay-color":"","overlay-opacity":"","overlay-gradient":""}},"footnotes":""},"class_list":["post-1661","page","type-page","status-publish","hentry"],"jetpack_sharing_enabled":true,"_links":{"self":[{"href":"https:\/\/nkpapildai.lt\/en\/wp-json\/wp\/v2\/pages\/1661","targetHints":{"allow":["GET"]}}],"collection":[{"href":"https:\/\/nkpapildai.lt\/en\/wp-json\/wp\/v2\/pages"}],"about":[{"href":"https:\/\/nkpapildai.lt\/en\/wp-json\/wp\/v2\/types\/page"}],"author":[{"embeddable":true,"href":"https:\/\/nkpapildai.lt\/en\/wp-json\/wp\/v2\/users\/1"}],"replies":[{"embeddable":true,"href":"https:\/\/nkpapildai.lt\/en\/wp-json\/wp\/v2\/comments?post=1661"}],"version-history":[{"count":10,"href":"https:\/\/nkpapildai.lt\/en\/wp-json\/wp\/v2\/pages\/1661\/revisions"}],"predecessor-version":[{"id":2344,"href":"https:\/\/nkpapildai.lt\/en\/wp-json\/wp\/v2\/pages\/1661\/revisions\/2344"}],"wp:attachment":[{"href":"https:\/\/nkpapildai.lt\/en\/wp-json\/wp\/v2\/media?parent=1661"}],"curies":[{"name":"wp","href":"https:\/\/api.w.org\/{rel}","templated":true}]}}