{"id":2193,"date":"2025-06-20T14:38:46","date_gmt":"2025-06-20T12:38:46","guid":{"rendered":"https:\/\/nkpapildai.lt\/?page_id=2193"},"modified":"2025-06-20T14:49:49","modified_gmt":"2025-06-20T12:49:49","slug":"komanda","status":"publish","type":"page","link":"https:\/\/nkpapildai.lt\/en\/komanda\/","title":{"rendered":"Komanda"},"content":{"rendered":"<div data-elementor-type=\"wp-page\" data-elementor-id=\"2193\" class=\"elementor elementor-2193\" data-elementor-post-type=\"page\">\n\t\t\t\t<div class=\"elementor-element elementor-element-4c83d83 e-flex e-con-boxed e-con e-parent\" data-id=\"4c83d83\" data-element_type=\"container\" data-e-type=\"container\">\n\t\t\t\t\t<div class=\"e-con-inner\">\n\t\t\t\t<div class=\"elementor-element elementor-element-6ca691d elementor-widget elementor-widget-heading\" data-id=\"6ca691d\" data-element_type=\"widget\" data-e-type=\"widget\" data-widget_type=\"heading.default\">\n\t\t\t\t<div class=\"elementor-widget-container\">\n\t\t\t\t\t<h1 class=\"elementor-heading-title elementor-size-default\">M\u016bs\u0173 Komanda<\/h1>\t\t\t\t<\/div>\n\t\t\t\t<\/div>\n\t\t\t\t\t<\/div>\n\t\t\t\t<\/div>\n\t\t<div class=\"elementor-element elementor-element-d053abb e-flex e-con-boxed e-con e-parent\" data-id=\"d053abb\" data-element_type=\"container\" data-e-type=\"container\">\n\t\t\t\t\t<div class=\"e-con-inner\">\n\t\t<div class=\"elementor-element elementor-element-2b46817 e-con-full e-flex e-con e-child\" data-id=\"2b46817\" data-element_type=\"container\" data-e-type=\"container\">\n\t\t\t\t<div class=\"elementor-element elementor-element-5f62400 elementor-widget elementor-widget-image\" data-id=\"5f62400\" data-element_type=\"widget\" data-e-type=\"widget\" data-widget_type=\"image.default\">\n\t\t\t\t<div class=\"elementor-widget-container\">\n\t\t\t\t\t\t\t\t\t\t\t\t\t\t\t<img fetchpriority=\"high\" decoding=\"async\" width=\"819\" height=\"1024\" src=\"https:\/\/nkpapildai.lt\/wp-content\/uploads\/2025\/03\/2-819x1024.png\" class=\"attachment-large size-large wp-image-1942\" alt=\"\" srcset=\"https:\/\/nkpapildai.lt\/wp-content\/uploads\/2025\/03\/2-819x1024.png 819w, https:\/\/nkpapildai.lt\/wp-content\/uploads\/2025\/03\/2-240x300.png 240w, https:\/\/nkpapildai.lt\/wp-content\/uploads\/2025\/03\/2-768x960.png 768w, https:\/\/nkpapildai.lt\/wp-content\/uploads\/2025\/03\/2-10x12.png 10w, https:\/\/nkpapildai.lt\/wp-content\/uploads\/2025\/03\/2.png 1080w\" sizes=\"(max-width: 819px) 100vw, 819px\" \/>\t\t\t\t\t\t\t\t\t\t\t\t\t\t\t<\/div>\n\t\t\t\t<\/div>\n\t\t\t\t<div class=\"elementor-element elementor-element-644dccf elementor-widget elementor-widget-text-editor\" data-id=\"644dccf\" data-element_type=\"widget\" data-e-type=\"widget\" data-widget_type=\"text-editor.default\">\n\t\t\t\t<div class=\"elementor-widget-container\">\n\t\t\t\t\t\t\t\t\t<h2 style=\"font-size: 2.41176rem; font-style: normal; text-align: center;\">Dominykas<\/h2><p style=\"font-size: 17px; font-style: normal; font-weight: 400; text-align: center;\">\u201eNusprend\u017eiau prisijungti prie NK d\u0117l nuo\u0161ird\u017eios bendruomen\u0117s ir po\u017ei\u016brio \u012f sveikesn\u0119 gyvensen\u0105.\u201d<\/p>\t\t\t\t\t\t\t\t<\/div>\n\t\t\t\t<\/div>\n\t\t\t\t<\/div>\n\t\t<div class=\"elementor-element elementor-element-055f542 e-con-full e-flex e-con e-child\" data-id=\"055f542\" data-element_type=\"container\" data-e-type=\"container\">\n\t\t\t\t<div class=\"elementor-element elementor-element-82485c7 elementor-widget elementor-widget-image\" data-id=\"82485c7\" data-element_type=\"widget\" data-e-type=\"widget\" data-widget_type=\"image.default\">\n\t\t\t\t<div class=\"elementor-widget-container\">\n\t\t\t\t\t\t\t\t\t\t\t\t\t\t\t<img decoding=\"async\" width=\"819\" height=\"1024\" src=\"https:\/\/nkpapildai.lt\/wp-content\/uploads\/2025\/06\/DOMINKYAS-6-819x1024.png\" class=\"attachment-large size-large wp-image-2198\" alt=\"\" srcset=\"https:\/\/nkpapildai.lt\/wp-content\/uploads\/2025\/06\/DOMINKYAS-6-819x1024.png 819w, https:\/\/nkpapildai.lt\/wp-content\/uploads\/2025\/06\/DOMINKYAS-6-240x300.png 240w, https:\/\/nkpapildai.lt\/wp-content\/uploads\/2025\/06\/DOMINKYAS-6-768x960.png 768w, https:\/\/nkpapildai.lt\/wp-content\/uploads\/2025\/06\/DOMINKYAS-6-10x12.png 10w, https:\/\/nkpapildai.lt\/wp-content\/uploads\/2025\/06\/DOMINKYAS-6.png 1080w\" sizes=\"(max-width: 819px) 100vw, 819px\" \/>\t\t\t\t\t\t\t\t\t\t\t\t\t\t\t<\/div>\n\t\t\t\t<\/div>\n\t\t\t\t<div class=\"elementor-element elementor-element-addd725 elementor-widget elementor-widget-text-editor\" data-id=\"addd725\" data-element_type=\"widget\" data-e-type=\"widget\" data-widget_type=\"text-editor.default\">\n\t\t\t\t<div class=\"elementor-widget-container\">\n\t\t\t\t\t\t\t\t\t<h2 style=\"font-size: 2.41176rem; font-style: normal; text-align: center;\">Amelija<\/h2><p style=\"font-size: 17px; font-style: normal; font-weight: 400; text-align: center;\">&#8222;NK buvo tai, ko ie\u0161kojau. Vieta, kurioje auk\u0161tinama kokyb\u0117, skaidrumas ir paprastumas.&#8221;<\/p>\t\t\t\t\t\t\t\t<\/div>\n\t\t\t\t<\/div>\n\t\t\t\t<\/div>\n\t\t<div class=\"elementor-element elementor-element-9454fba e-con-full e-flex e-con e-child\" data-id=\"9454fba\" data-element_type=\"container\" data-e-type=\"container\">\n\t\t\t\t<div class=\"elementor-element elementor-element-6666bde elementor-widget elementor-widget-image\" data-id=\"6666bde\" data-element_type=\"widget\" data-e-type=\"widget\" data-widget_type=\"image.default\">\n\t\t\t\t<div class=\"elementor-widget-container\">\n\t\t\t\t\t\t\t\t\t\t\t\t\t\t\t<img decoding=\"async\" width=\"819\" height=\"1024\" src=\"https:\/\/nkpapildai.lt\/wp-content\/uploads\/2025\/03\/DOMINKYAS-2-819x1024.png\" class=\"attachment-large size-large wp-image-1944\" alt=\"\" srcset=\"https:\/\/nkpapildai.lt\/wp-content\/uploads\/2025\/03\/DOMINKYAS-2-819x1024.png 819w, https:\/\/nkpapildai.lt\/wp-content\/uploads\/2025\/03\/DOMINKYAS-2-240x300.png 240w, https:\/\/nkpapildai.lt\/wp-content\/uploads\/2025\/03\/DOMINKYAS-2-768x960.png 768w, https:\/\/nkpapildai.lt\/wp-content\/uploads\/2025\/03\/DOMINKYAS-2-10x12.png 10w, https:\/\/nkpapildai.lt\/wp-content\/uploads\/2025\/03\/DOMINKYAS-2.png 1080w\" sizes=\"(max-width: 819px) 100vw, 819px\" \/>\t\t\t\t\t\t\t\t\t\t\t\t\t\t\t<\/div>\n\t\t\t\t<\/div>\n\t\t\t\t<div class=\"elementor-element elementor-element-21ad41a elementor-widget elementor-widget-text-editor\" data-id=\"21ad41a\" data-element_type=\"widget\" data-e-type=\"widget\" data-widget_type=\"text-editor.default\">\n\t\t\t\t<div class=\"elementor-widget-container\">\n\t\t\t\t\t\t\t\t\t<h2 style=\"font-size: 2.41176rem; font-style: normal; text-align: center;\">Ugnius<\/h2><p style=\"font-size: 17px; font-style: normal; font-weight: 400; text-align: center;\">\u201ePrisijungiau prie komandos, nes labai pritrauk\u0117 produkto kokyb\u0117 ir paprastumas, o taip pat ir norisi palaikyti lietuvi\u0161k\u0105 versl\u0105!\u201d<\/p>\t\t\t\t\t\t\t\t<\/div>\n\t\t\t\t<\/div>\n\t\t\t\t<\/div>\n\t\t<div class=\"elementor-element elementor-element-06542ae e-con-full e-flex e-con e-child\" data-id=\"06542ae\" data-element_type=\"container\" data-e-type=\"container\">\n\t\t\t\t<div class=\"elementor-element elementor-element-9fd5fdb elementor-widget elementor-widget-image\" data-id=\"9fd5fdb\" data-element_type=\"widget\" data-e-type=\"widget\" data-widget_type=\"image.default\">\n\t\t\t\t<div class=\"elementor-widget-container\">\n\t\t\t\t\t\t\t\t\t\t\t\t\t\t\t<img loading=\"lazy\" decoding=\"async\" width=\"819\" height=\"1024\" src=\"https:\/\/nkpapildai.lt\/wp-content\/uploads\/2025\/06\/DOMINKYAS-7-819x1024.png\" class=\"attachment-large size-large wp-image-2197\" alt=\"\" srcset=\"https:\/\/nkpapildai.lt\/wp-content\/uploads\/2025\/06\/DOMINKYAS-7-819x1024.png 819w, https:\/\/nkpapildai.lt\/wp-content\/uploads\/2025\/06\/DOMINKYAS-7-240x300.png 240w, https:\/\/nkpapildai.lt\/wp-content\/uploads\/2025\/06\/DOMINKYAS-7-768x960.png 768w, https:\/\/nkpapildai.lt\/wp-content\/uploads\/2025\/06\/DOMINKYAS-7-10x12.png 10w, https:\/\/nkpapildai.lt\/wp-content\/uploads\/2025\/06\/DOMINKYAS-7.png 1080w\" sizes=\"(max-width: 819px) 100vw, 819px\" \/>\t\t\t\t\t\t\t\t\t\t\t\t\t\t\t<\/div>\n\t\t\t\t<\/div>\n\t\t\t\t<div class=\"elementor-element elementor-element-520fa79 elementor-widget elementor-widget-text-editor\" data-id=\"520fa79\" data-element_type=\"widget\" data-e-type=\"widget\" data-widget_type=\"text-editor.default\">\n\t\t\t\t<div class=\"elementor-widget-container\">\n\t\t\t\t\t\t\t\t\t<h2 style=\"font-size: 2.41176rem; font-style: normal; text-align: center;\">Anel\u0117<\/h2><p style=\"font-size: 17px; font-style: normal; font-weight: 400; text-align: center;\">&#8222;Visada nor\u0117jau b\u016bti gero projekto dalimi, o \u0161i vieta atitinka visus reikalavimus. Noriu matyti \u0161i\u0105 viet\u0105 augant ir pasiekti kuo daugiau \u017emoni\u0173.&#8221;<\/p>\t\t\t\t\t\t\t\t<\/div>\n\t\t\t\t<\/div>\n\t\t\t\t<\/div>\n\t\t<div class=\"elementor-element elementor-element-a41281f e-con-full e-flex e-con e-child\" data-id=\"a41281f\" data-element_type=\"container\" data-e-type=\"container\">\n\t\t\t\t<div class=\"elementor-element elementor-element-fc959f0 elementor-widget elementor-widget-image\" data-id=\"fc959f0\" data-element_type=\"widget\" data-e-type=\"widget\" data-widget_type=\"image.default\">\n\t\t\t\t<div class=\"elementor-widget-container\">\n\t\t\t\t\t\t\t\t\t\t\t\t\t\t\t<img loading=\"lazy\" decoding=\"async\" width=\"819\" height=\"1024\" src=\"https:\/\/nkpapildai.lt\/wp-content\/uploads\/2025\/03\/4-819x1024.png\" class=\"attachment-large size-large wp-image-1943\" alt=\"\" srcset=\"https:\/\/nkpapildai.lt\/wp-content\/uploads\/2025\/03\/4-819x1024.png 819w, https:\/\/nkpapildai.lt\/wp-content\/uploads\/2025\/03\/4-240x300.png 240w, https:\/\/nkpapildai.lt\/wp-content\/uploads\/2025\/03\/4-768x960.png 768w, https:\/\/nkpapildai.lt\/wp-content\/uploads\/2025\/03\/4-10x12.png 10w, https:\/\/nkpapildai.lt\/wp-content\/uploads\/2025\/03\/4.png 1080w\" sizes=\"(max-width: 819px) 100vw, 819px\" \/>\t\t\t\t\t\t\t\t\t\t\t\t\t\t\t<\/div>\n\t\t\t\t<\/div>\n\t\t\t\t<div class=\"elementor-element elementor-element-d71fe7e elementor-widget elementor-widget-text-editor\" data-id=\"d71fe7e\" data-element_type=\"widget\" data-e-type=\"widget\" data-widget_type=\"text-editor.default\">\n\t\t\t\t<div class=\"elementor-widget-container\">\n\t\t\t\t\t\t\t\t\t<h2 style=\"font-size: 2.41176rem; font-style: normal; text-align: center;\">Vilius<\/h2><p style=\"font-size: 17px; font-style: normal; font-weight: 400; text-align: center;\">\u201ePrisijungiau prie NK, nes tai naujas ir unikalus lietuvi\u0161kas brand\u2019as, kuriam kokyb\u0117 yra auk\u0161\u010diausias prioritetas. Tikiu vizija pl\u0117stis ir augti kartu, tod\u0117l labai smagu b\u016bti viso to dalimi!\u201d<\/p>\t\t\t\t\t\t\t\t<\/div>\n\t\t\t\t<\/div>\n\t\t\t\t<\/div>\n\t\t\t\t\t<\/div>\n\t\t\t\t<\/div>\n\t\t\t\t<\/div>","protected":false},"excerpt":{"rendered":"<p>M\u016bs\u0173 Komanda Dominykas \u201eNusprend\u017eiau prisijungti prie NK d\u0117l nuo\u0161ird\u017eios bendruomen\u0117s ir po\u017ei\u016brio \u012f sveikesn\u0119 gyvensen\u0105.\u201d Amelija &#8222;NK buvo tai, ko ie\u0161kojau. Vieta, kurioje auk\u0161tinama kokyb\u0117, skaidrumas ir paprastumas.&#8221; Ugnius \u201ePrisijungiau prie komandos, nes labai pritrauk\u0117 produkto kokyb\u0117 ir paprastumas, o taip pat ir norisi palaikyti lietuvi\u0161k\u0105 versl\u0105!\u201d Anel\u0117 &#8222;Visada nor\u0117jau b\u016bti gero projekto dalimi, o [&hellip;]<\/p>\n","protected":false},"author":1,"featured_media":0,"parent":0,"menu_order":0,"comment_status":"closed","ping_status":"closed","template":"","meta":{"site-sidebar-layout":"no-sidebar","site-content-layout":"page-builder","ast-site-content-layout":"full-width-container","site-content-style":"default","site-sidebar-style":"default","ast-global-header-display":"","ast-banner-title-visibility":"","ast-main-header-display":"","ast-hfb-above-header-display":"","ast-hfb-below-header-display":"","ast-hfb-mobile-header-display":"","site-post-title":"disabled","ast-breadcrumbs-content":"","ast-featured-img":"disabled","footer-sml-layout":"","theme-transparent-header-meta":"","adv-header-id-meta":"","stick-header-meta":"","header-above-stick-meta":"","header-main-stick-meta":"","header-below-stick-meta":"","astra-migrate-meta-layouts":"default","ast-page-background-enabled":"default","ast-page-background-meta":{"desktop":{"background-color":"var(--ast-global-color-4)","background-image":"","background-repeat":"repeat","background-position":"center center","background-size":"auto","background-attachment":"scroll","background-type":"","background-media":"","overlay-type":"","overlay-color":"","overlay-opacity":"","overlay-gradient":""},"tablet":{"background-color":"","background-image":"","background-repeat":"repeat","background-position":"center center","background-size":"auto","background-attachment":"scroll","background-type":"","background-media":"","overlay-type":"","overlay-color":"","overlay-opacity":"","overlay-gradient":""},"mobile":{"background-color":"","background-image":"","background-repeat":"repeat","background-position":"center center","background-size":"auto","background-attachment":"scroll","background-type":"","background-media":"","overlay-type":"","overlay-color":"","overlay-opacity":"","overlay-gradient":""}},"ast-content-background-meta":{"desktop":{"background-color":"var(--ast-global-color-5)","background-image":"","background-repeat":"repeat","background-position":"center center","background-size":"auto","background-attachment":"scroll","background-type":"","background-media":"","overlay-type":"","overlay-color":"","overlay-opacity":"","overlay-gradient":""},"tablet":{"background-color":"var(--ast-global-color-5)","background-image":"","background-repeat":"repeat","background-position":"center center","background-size":"auto","background-attachment":"scroll","background-type":"","background-media":"","overlay-type":"","overlay-color":"","overlay-opacity":"","overlay-gradient":""},"mobile":{"background-color":"var(--ast-global-color-5)","background-image":"","background-repeat":"repeat","background-position":"center center","background-size":"auto","background-attachment":"scroll","background-type":"","background-media":"","overlay-type":"","overlay-color":"","overlay-opacity":"","overlay-gradient":""}},"footnotes":""},"class_list":["post-2193","page","type-page","status-publish","hentry"],"jetpack_sharing_enabled":true,"_links":{"self":[{"href":"https:\/\/nkpapildai.lt\/en\/wp-json\/wp\/v2\/pages\/2193","targetHints":{"allow":["GET"]}}],"collection":[{"href":"https:\/\/nkpapildai.lt\/en\/wp-json\/wp\/v2\/pages"}],"about":[{"href":"https:\/\/nkpapildai.lt\/en\/wp-json\/wp\/v2\/types\/page"}],"author":[{"embeddable":true,"href":"https:\/\/nkpapildai.lt\/en\/wp-json\/wp\/v2\/users\/1"}],"replies":[{"embeddable":true,"href":"https:\/\/nkpapildai.lt\/en\/wp-json\/wp\/v2\/comments?post=2193"}],"version-history":[{"count":10,"href":"https:\/\/nkpapildai.lt\/en\/wp-json\/wp\/v2\/pages\/2193\/revisions"}],"predecessor-version":[{"id":2214,"href":"https:\/\/nkpapildai.lt\/en\/wp-json\/wp\/v2\/pages\/2193\/revisions\/2214"}],"wp:attachment":[{"href":"https:\/\/nkpapildai.lt\/en\/wp-json\/wp\/v2\/media?parent=2193"}],"curies":[{"name":"wp","href":"https:\/\/api.w.org\/{rel}","templated":true}]}}