{"id":252,"date":"2024-08-09T12:49:09","date_gmt":"2024-08-09T12:49:09","guid":{"rendered":"https:\/\/nkpapildai.lt\/about\/"},"modified":"2025-03-27T19:00:41","modified_gmt":"2025-03-27T17:00:41","slug":"apie-mus","status":"publish","type":"page","link":"https:\/\/nkpapildai.lt\/en\/apie-mus\/","title":{"rendered":"Apie Mus"},"content":{"rendered":"<div data-elementor-type=\"wp-page\" data-elementor-id=\"252\" class=\"elementor elementor-252\" data-elementor-post-type=\"page\">\n\t\t\t\t\t\t<section class=\"elementor-section elementor-top-section elementor-element elementor-element-1336c617 elementor-section-height-min-height elementor-section-boxed elementor-section-height-default elementor-section-items-middle\" data-id=\"1336c617\" data-element_type=\"section\" data-e-type=\"section\" data-settings=\"{&quot;background_background&quot;:&quot;classic&quot;}\">\n\t\t\t\t\t\t<div class=\"elementor-container elementor-column-gap-default\">\n\t\t\t\t\t<div class=\"elementor-column elementor-col-100 elementor-top-column elementor-element elementor-element-7f957220\" data-id=\"7f957220\" data-element_type=\"column\" data-e-type=\"column\">\n\t\t\t<div class=\"elementor-widget-wrap elementor-element-populated\">\n\t\t\t\t\t\t<div class=\"elementor-element elementor-element-617f05d8 elementor-widget elementor-widget-heading\" data-id=\"617f05d8\" data-element_type=\"widget\" data-e-type=\"widget\" data-widget_type=\"heading.default\">\n\t\t\t\t<div class=\"elementor-widget-container\">\n\t\t\t\t\t<h1 class=\"elementor-heading-title elementor-size-default\">kas mes?<\/h1>\t\t\t\t<\/div>\n\t\t\t\t<\/div>\n\t\t\t\t\t<\/div>\n\t\t<\/div>\n\t\t\t\t\t<\/div>\n\t\t<\/section>\n\t\t\t\t<section class=\"elementor-section elementor-top-section elementor-element elementor-element-38765c5b elementor-section-boxed elementor-section-height-default elementor-section-height-default\" data-id=\"38765c5b\" data-element_type=\"section\" data-e-type=\"section\">\n\t\t\t\t\t\t<div class=\"elementor-container elementor-column-gap-default\">\n\t\t\t\t\t<div class=\"elementor-column elementor-col-50 elementor-top-column elementor-element elementor-element-6a82d977\" data-id=\"6a82d977\" data-element_type=\"column\" data-e-type=\"column\">\n\t\t\t<div class=\"elementor-widget-wrap elementor-element-populated\">\n\t\t\t\t\t\t<div class=\"elementor-element elementor-element-5e3f805 elementor-widget elementor-widget-image\" data-id=\"5e3f805\" data-element_type=\"widget\" data-e-type=\"widget\" data-widget_type=\"image.default\">\n\t\t\t\t<div class=\"elementor-widget-container\">\n\t\t\t\t\t\t\t\t\t\t\t\t\t\t\t<img fetchpriority=\"high\" decoding=\"async\" width=\"819\" height=\"1024\" src=\"https:\/\/nkpapildai.lt\/wp-content\/uploads\/2025\/03\/DSC09881-819x1024.jpg\" class=\"attachment-large size-large wp-image-1970\" alt=\"\" srcset=\"https:\/\/nkpapildai.lt\/wp-content\/uploads\/2025\/03\/DSC09881-819x1024.jpg 819w, https:\/\/nkpapildai.lt\/wp-content\/uploads\/2025\/03\/DSC09881-240x300.jpg 240w, https:\/\/nkpapildai.lt\/wp-content\/uploads\/2025\/03\/DSC09881-768x960.jpg 768w, https:\/\/nkpapildai.lt\/wp-content\/uploads\/2025\/03\/DSC09881-1229x1536.jpg 1229w, https:\/\/nkpapildai.lt\/wp-content\/uploads\/2025\/03\/DSC09881-1639x2048.jpg 1639w, https:\/\/nkpapildai.lt\/wp-content\/uploads\/2025\/03\/DSC09881-10x12.jpg 10w, https:\/\/nkpapildai.lt\/wp-content\/uploads\/2025\/03\/DSC09881-1200x1500.jpg 1200w, https:\/\/nkpapildai.lt\/wp-content\/uploads\/2025\/03\/DSC09881-scaled.jpg 2048w\" sizes=\"(max-width: 819px) 100vw, 819px\" \/>\t\t\t\t\t\t\t\t\t\t\t\t\t\t\t<\/div>\n\t\t\t\t<\/div>\n\t\t\t\t\t<\/div>\n\t\t<\/div>\n\t\t\t\t<div class=\"elementor-column elementor-col-50 elementor-top-column elementor-element elementor-element-3d440c4\" data-id=\"3d440c4\" data-element_type=\"column\" data-e-type=\"column\">\n\t\t\t<div class=\"elementor-widget-wrap elementor-element-populated\">\n\t\t\t\t\t\t<div class=\"elementor-element elementor-element-2b7ed6cc elementor-widget elementor-widget-heading\" data-id=\"2b7ed6cc\" data-element_type=\"widget\" data-e-type=\"widget\" data-widget_type=\"heading.default\">\n\t\t\t\t<div class=\"elementor-widget-container\">\n\t\t\t\t\t<h2 class=\"elementor-heading-title elementor-size-default\">Apie mus<\/h2>\t\t\t\t<\/div>\n\t\t\t\t<\/div>\n\t\t\t\t<div class=\"elementor-element elementor-element-23bc2676 elementor-widget elementor-widget-text-editor\" data-id=\"23bc2676\" data-element_type=\"widget\" data-e-type=\"widget\" data-widget_type=\"text-editor.default\">\n\t\t\t\t<div class=\"elementor-widget-container\">\n\t\t\t\t\t\t\t\t\t<p>\u201eNK Papildai\u201c atne\u0161a naujus standartus \u012f nusistov\u0117jusi\u0105 sporto papild\u0173 rink\u0105. M\u016bs\u0173 misija \u2013 si\u016blyti auk\u0161\u010diausios kokyb\u0117s, kruop\u0161\u010diai atrinktus produktus be nereikaling\u0173 pried\u0173, kurie pad\u0117s siekti geresni\u0173 rezultat\u0173 ir gerinti gyvenimo kokyb\u0119. M\u016bs\u0173 produktai pasi\u017eymi auk\u0161tos kokyb\u0117s ingredientais, paprasta sud\u0117timi bei ne\u012fkyriu skoniu. M\u016bs\u0173 tikslas sukurti papildus, kuriuos \u017emon\u0117s gal\u0117t\u0173 vartoti kasdien su \u0161ypsena veide.<\/p>\t\t\t\t\t\t\t\t<\/div>\n\t\t\t\t<\/div>\n\t\t\t\t\t<\/div>\n\t\t<\/div>\n\t\t\t\t\t<\/div>\n\t\t<\/section>\n\t\t\t\t<\/div>","protected":false},"excerpt":{"rendered":"<p>kas mes? Apie mus \u201eNK Papildai\u201c atne\u0161a naujus standartus \u012f nusistov\u0117jusi\u0105 sporto papild\u0173 rink\u0105. M\u016bs\u0173 misija \u2013 si\u016blyti auk\u0161\u010diausios kokyb\u0117s, kruop\u0161\u010diai atrinktus produktus be nereikaling\u0173 pried\u0173, kurie pad\u0117s siekti geresni\u0173 rezultat\u0173 ir gerinti gyvenimo kokyb\u0119. M\u016bs\u0173 produktai pasi\u017eymi auk\u0161tos kokyb\u0117s ingredientais, paprasta sud\u0117timi bei ne\u012fkyriu skoniu. M\u016bs\u0173 tikslas sukurti papildus, kuriuos \u017emon\u0117s gal\u0117t\u0173 vartoti kasdien [&hellip;]<\/p>\n","protected":false},"author":1,"featured_media":0,"parent":0,"menu_order":0,"comment_status":"closed","ping_status":"closed","template":"elementor_header_footer","meta":{"site-sidebar-layout":"no-sidebar","site-content-layout":"page-builder","ast-site-content-layout":"","site-content-style":"default","site-sidebar-style":"default","ast-global-header-display":"","ast-banner-title-visibility":"","ast-main-header-display":"","ast-hfb-above-header-display":"","ast-hfb-below-header-display":"","ast-hfb-mobile-header-display":"","site-post-title":"disabled","ast-breadcrumbs-content":"disabled","ast-featured-img":"disabled","footer-sml-layout":"","theme-transparent-header-meta":"enabled","adv-header-id-meta":"","stick-header-meta":"","header-above-stick-meta":"","header-main-stick-meta":"","header-below-stick-meta":"","astra-migrate-meta-layouts":"default","ast-page-background-enabled":"default","ast-page-background-meta":{"desktop":{"background-color":"var(--ast-global-color-4)","background-image":"","background-repeat":"repeat","background-position":"center center","background-size":"auto","background-attachment":"scroll","background-type":"","background-media":"","overlay-type":"","overlay-color":"","overlay-opacity":"","overlay-gradient":""},"tablet":{"background-color":"","background-image":"","background-repeat":"repeat","background-position":"center center","background-size":"auto","background-attachment":"scroll","background-type":"","background-media":"","overlay-type":"","overlay-color":"","overlay-opacity":"","overlay-gradient":""},"mobile":{"background-color":"","background-image":"","background-repeat":"repeat","background-position":"center center","background-size":"auto","background-attachment":"scroll","background-type":"","background-media":"","overlay-type":"","overlay-color":"","overlay-opacity":"","overlay-gradient":""}},"ast-content-background-meta":{"desktop":{"background-color":"var(--ast-global-color-5)","background-image":"","background-repeat":"repeat","background-position":"center center","background-size":"auto","background-attachment":"scroll","background-type":"","background-media":"","overlay-type":"","overlay-color":"","overlay-opacity":"","overlay-gradient":""},"tablet":{"background-color":"var(--ast-global-color-5)","background-image":"","background-repeat":"repeat","background-position":"center center","background-size":"auto","background-attachment":"scroll","background-type":"","background-media":"","overlay-type":"","overlay-color":"","overlay-opacity":"","overlay-gradient":""},"mobile":{"background-color":"var(--ast-global-color-5)","background-image":"","background-repeat":"repeat","background-position":"center center","background-size":"auto","background-attachment":"scroll","background-type":"","background-media":"","overlay-type":"","overlay-color":"","overlay-opacity":"","overlay-gradient":""}},"footnotes":""},"class_list":["post-252","page","type-page","status-publish","hentry"],"jetpack_sharing_enabled":true,"_links":{"self":[{"href":"https:\/\/nkpapildai.lt\/en\/wp-json\/wp\/v2\/pages\/252","targetHints":{"allow":["GET"]}}],"collection":[{"href":"https:\/\/nkpapildai.lt\/en\/wp-json\/wp\/v2\/pages"}],"about":[{"href":"https:\/\/nkpapildai.lt\/en\/wp-json\/wp\/v2\/types\/page"}],"author":[{"embeddable":true,"href":"https:\/\/nkpapildai.lt\/en\/wp-json\/wp\/v2\/users\/1"}],"replies":[{"embeddable":true,"href":"https:\/\/nkpapildai.lt\/en\/wp-json\/wp\/v2\/comments?post=252"}],"version-history":[{"count":19,"href":"https:\/\/nkpapildai.lt\/en\/wp-json\/wp\/v2\/pages\/252\/revisions"}],"predecessor-version":[{"id":1980,"href":"https:\/\/nkpapildai.lt\/en\/wp-json\/wp\/v2\/pages\/252\/revisions\/1980"}],"wp:attachment":[{"href":"https:\/\/nkpapildai.lt\/en\/wp-json\/wp\/v2\/media?parent=252"}],"curies":[{"name":"wp","href":"https:\/\/api.w.org\/{rel}","templated":true}]}}