{"id":1474,"date":"2024-08-09T16:16:21","date_gmt":"2024-08-09T14:16:21","guid":{"rendered":"https:\/\/nkpapildai.lt\/?post_type=product&#038;p=1474"},"modified":"2026-04-09T09:55:48","modified_gmt":"2026-04-09T07:55:48","slug":"baltymu-izoliatas-sokoladas","status":"publish","type":"product","link":"https:\/\/nkpapildai.lt\/en\/product\/baltymu-izoliatas-sokoladas\/","title":{"rendered":"NK Izoliatas &#8211; \u0160okoladas (1kg)"},"content":{"rendered":"<ul>\n<li>Gryniausia Baltym\u0173 Forma Rinkoje (NWPI90)<\/li>\n<li>I\u0161skirtinis Skonis<\/li>\n<li>Ma\u017eai Saldikli\u0173<\/li>\n<li>Pagaminta Lietuvoje<\/li>\n<\/ul>\n<p>M\u016bs\u0173 baltym\u0173 izoliatas yra puikus pasirinkimas sportininkams, kurie siekia patogiai u\u017etikrinti auk\u0161t\u0105 baltym\u0173 kiek\u012f savo mityboje. Kuriant \u0161iuos papildus buvo atsi\u017evelgta \u012f did\u017eiausias kit\u0173 baltym\u0173 papild\u0173 ydas, tokias kaip ma\u017ea baltym\u0173 koncentracija, blogas tirpumas bei per didelis saldikli\u0173 ir dirbtini\u0173 skoni\u0173 kiekis. M\u016bs\u0173 izoliatas yra pagamintas i\u0161 ypa\u010d kokybi\u0161k\u0173 ir tirpi\u0173 baltym\u0173 bei nat\u016brali\u0173 skoni\u0173 ir saldikli\u0173. Kruop\u0161\u010diai atrinktas ingredient\u0173 s\u0105ra\u0161as u\u017etikrin\u0105 i\u0161skirtin\u012f skon\u012f bei ger\u0105 vir\u0161kinim\u0105.<br \/>\n<br \/>\nPasitik\u0117kite m\u016bs\u0173 produktu ir pajuskite skirtum\u0105!<br \/>\n<br \/>\nSudedamosios dalys: 93% i\u0161r\u016bg\u0173 baltym\u0173 izoliatas, 5% nuriebalinti kakavos milteliai, soj\u0173 lecitinas, stevijos ekstraktas.<br \/>\n<br \/>\nVartojimo instrukcija: Sumai\u0161yti 1 kau\u0161el\u012f milteli\u0173 (30g) su 200-300ml vandens arba pieno. Prie\u0161 vartojant gerai suplakti.<br \/>\nLaikymo s\u0105lygos: Laikyti sausoje vietoje, kambario temperat\u016broje (15-25\u00b0C).<br \/>\nGrynasis kiekis: 1000g<\/p>","protected":false},"excerpt":{"rendered":"<p><img fetchpriority=\"high\" decoding=\"async\" class=\"alignnone size-large wp-image-2542\" src=\"https:\/\/nkpapildai.lt\/wp-content\/uploads\/2025\/08\/sokoladas-1024x668.png\" alt=\"\" width=\"1024\" height=\"668\" srcset=\"https:\/\/nkpapildai.lt\/wp-content\/uploads\/2025\/08\/sokoladas-1024x668.png 1024w, https:\/\/nkpapildai.lt\/wp-content\/uploads\/2025\/08\/sokoladas-300x196.png 300w, https:\/\/nkpapildai.lt\/wp-content\/uploads\/2025\/08\/sokoladas-768x501.png 768w, https:\/\/nkpapildai.lt\/wp-content\/uploads\/2025\/08\/sokoladas-1536x1003.png 1536w, https:\/\/nkpapildai.lt\/wp-content\/uploads\/2025\/08\/sokoladas-2048x1337.png 2048w, https:\/\/nkpapildai.lt\/wp-content\/uploads\/2025\/08\/sokoladas-18x12.png 18w, https:\/\/nkpapildai.lt\/wp-content\/uploads\/2025\/08\/sokoladas-1200x783.png 1200w\" sizes=\"(max-width: 1024px) 100vw, 1024px\" \/><\/p>","protected":false},"featured_media":2586,"comment_status":"open","ping_status":"closed","template":"","meta":{"site-sidebar-layout":"default","site-content-layout":"","ast-site-content-layout":"default","site-content-style":"default","site-sidebar-style":"default","ast-global-header-display":"","ast-banner-title-visibility":"","ast-main-header-display":"","ast-hfb-above-header-display":"","ast-hfb-below-header-display":"","ast-hfb-mobile-header-display":"","site-post-title":"","ast-breadcrumbs-content":"","ast-featured-img":"","footer-sml-layout":"","theme-transparent-header-meta":"default","adv-header-id-meta":"","stick-header-meta":"","header-above-stick-meta":"","header-main-stick-meta":"","header-below-stick-meta":"","astra-migrate-meta-layouts":"set","ast-page-background-enabled":"default","ast-page-background-meta":{"desktop":{"background-color":"var(--ast-global-color-4)","background-image":"","background-repeat":"repeat","background-position":"center center","background-size":"auto","background-attachment":"scroll","background-type":"","background-media":"","overlay-type":"","overlay-color":"","overlay-opacity":"","overlay-gradient":""},"tablet":{"background-color":"","background-image":"","background-repeat":"repeat","background-position":"center center","background-size":"auto","background-attachment":"scroll","background-type":"","background-media":"","overlay-type":"","overlay-color":"","overlay-opacity":"","overlay-gradient":""},"mobile":{"background-color":"","background-image":"","background-repeat":"repeat","background-position":"center center","background-size":"auto","background-attachment":"scroll","background-type":"","background-media":"","overlay-type":"","overlay-color":"","overlay-opacity":"","overlay-gradient":""}},"ast-content-background-meta":{"desktop":{"background-color":"var(--ast-global-color-5)","background-image":"","background-repeat":"repeat","background-position":"center center","background-size":"auto","background-attachment":"scroll","background-type":"","background-media":"","overlay-type":"","overlay-color":"","overlay-opacity":"","overlay-gradient":""},"tablet":{"background-color":"var(--ast-global-color-5)","background-image":"","background-repeat":"repeat","background-position":"center center","background-size":"auto","background-attachment":"scroll","background-type":"","background-media":"","overlay-type":"","overlay-color":"","overlay-opacity":"","overlay-gradient":""},"mobile":{"background-color":"var(--ast-global-color-5)","background-image":"","background-repeat":"repeat","background-position":"center center","background-size":"auto","background-attachment":"scroll","background-type":"","background-media":"","overlay-type":"","overlay-color":"","overlay-opacity":"","overlay-gradient":""}}},"product_brand":[],"product_cat":[27],"product_tag":[],"class_list":{"0":"post-1474","1":"product","2":"type-product","3":"status-publish","4":"has-post-thumbnail","6":"product_cat-baltymai","7":"desktop-align-left","8":"tablet-align-left","9":"mobile-align-left","11":"first","12":"outofstock","13":"taxable","14":"shipping-taxable","15":"purchasable","16":"product-type-simple"},"jetpack_sharing_enabled":true,"_links":{"self":[{"href":"https:\/\/nkpapildai.lt\/en\/wp-json\/wp\/v2\/product\/1474","targetHints":{"allow":["GET"]}}],"collection":[{"href":"https:\/\/nkpapildai.lt\/en\/wp-json\/wp\/v2\/product"}],"about":[{"href":"https:\/\/nkpapildai.lt\/en\/wp-json\/wp\/v2\/types\/product"}],"replies":[{"embeddable":true,"href":"https:\/\/nkpapildai.lt\/en\/wp-json\/wp\/v2\/comments?post=1474"}],"version-history":[{"count":5,"href":"https:\/\/nkpapildai.lt\/en\/wp-json\/wp\/v2\/product\/1474\/revisions"}],"predecessor-version":[{"id":2547,"href":"https:\/\/nkpapildai.lt\/en\/wp-json\/wp\/v2\/product\/1474\/revisions\/2547"}],"wp:featuredmedia":[{"embeddable":true,"href":"https:\/\/nkpapildai.lt\/en\/wp-json\/wp\/v2\/media\/2586"}],"wp:attachment":[{"href":"https:\/\/nkpapildai.lt\/en\/wp-json\/wp\/v2\/media?parent=1474"}],"wp:term":[{"taxonomy":"product_brand","embeddable":true,"href":"https:\/\/nkpapildai.lt\/en\/wp-json\/wp\/v2\/product_brand?post=1474"},{"taxonomy":"product_cat","embeddable":true,"href":"https:\/\/nkpapildai.lt\/en\/wp-json\/wp\/v2\/product_cat?post=1474"},{"taxonomy":"product_tag","embeddable":true,"href":"https:\/\/nkpapildai.lt\/en\/wp-json\/wp\/v2\/product_tag?post=1474"}],"curies":[{"name":"wp","href":"https:\/\/api.w.org\/{rel}","templated":true}]}}