{"id":2471,"date":"2025-08-28T13:24:52","date_gmt":"2025-08-28T11:24:52","guid":{"rendered":"https:\/\/nkpapildai.lt\/?post_type=product&#038;p=2471"},"modified":"2026-04-19T18:44:07","modified_gmt":"2026-04-19T16:44:07","slug":"nk-izoliatas-be-skonio-1kg","status":"publish","type":"product","link":"https:\/\/nkpapildai.lt\/en\/product\/nk-izoliatas-be-skonio-1kg\/","title":{"rendered":"NK Izoliatas &#8211; Be skonio (1kg)"},"content":{"rendered":"<ul>\n<li>Gryniausia Baltym\u0173 Forma Rinkoje (NWPI90)<\/li>\n<li>2 ingredientai<\/li>\n<li>Be saldikli\u0173<\/li>\n<li>Pagaminta Lietuvoje<\/li>\n<\/ul>\n<p>M\u016bs\u0173 baltym\u0173 izoliatas yra puikus pasirinkimas sportininkams, kurie siekia patogiai u\u017etikrinti auk\u0161t\u0105 baltym\u0173 kiek\u012f savo mityboje. \u0160ie baltymai sudaryti vos i\u0161 2 ingredient\u0173 &#8211; izoliato ir lecitino. Jie puikiai tinka kaip priedas \u012f maisto patiekalus arba puikus sprendimas tiems, kurie nem\u0117gsta saldikli\u0173. Kruop\u0161\u010diai atrinktas ingredient\u0173 s\u0105ra\u0161as u\u017etikrin\u0105 i\u0161skirtin\u012f skon\u012f bei ger\u0105 vir\u0161kinim\u0105.<br \/>\n<br \/>\nPasitik\u0117kite m\u016bs\u0173 produktu ir pajuskite skirtum\u0105!<br \/>\n<br \/>\nSudedamosios dalys: 99% i\u0161r\u016bg\u0173 baltym\u0173 izoliatas, 1% soj\u0173 lecitinas.<br \/>\n<br \/>\nVartojimo instrukcija: Sumai\u0161yti 1 kau\u0161el\u012f milteli\u0173 (30g) su 200-300ml vandens arba pieno. Prie\u0161 vartojant gerai suplakti.<br \/>\nLaikymo s\u0105lygos: Laikyti sausoje vietoje, kambario temperat\u016broje (15-25\u00b0C).<br \/>\nGrynasis kiekis: 1000g<\/p>","protected":false},"excerpt":{"rendered":"<p><img fetchpriority=\"high\" decoding=\"async\" class=\"alignnone size-large wp-image-1733\" src=\"https:\/\/nkpapildai.lt\/wp-content\/uploads\/2024\/08\/MaistineInfoVanile-1024x644.jpg\" alt=\"\" width=\"1024\" height=\"644\" srcset=\"https:\/\/nkpapildai.lt\/wp-content\/uploads\/2024\/08\/MaistineInfoVanile-1024x644.jpg 1024w, https:\/\/nkpapildai.lt\/wp-content\/uploads\/2024\/08\/MaistineInfoVanile-1200x755.jpg 1200w, https:\/\/nkpapildai.lt\/wp-content\/uploads\/2024\/08\/MaistineInfoVanile-300x189.jpg 300w, https:\/\/nkpapildai.lt\/wp-content\/uploads\/2024\/08\/MaistineInfoVanile-768x483.jpg 768w, https:\/\/nkpapildai.lt\/wp-content\/uploads\/2024\/08\/MaistineInfoVanile-1536x966.jpg 1536w, https:\/\/nkpapildai.lt\/wp-content\/uploads\/2024\/08\/MaistineInfoVanile.jpg 1598w\" sizes=\"(max-width: 1024px) 100vw, 1024px\" \/><\/p>","protected":false},"featured_media":2589,"comment_status":"open","ping_status":"closed","template":"","meta":{"site-sidebar-layout":"default","site-content-layout":"","ast-site-content-layout":"default","site-content-style":"default","site-sidebar-style":"default","ast-global-header-display":"","ast-banner-title-visibility":"","ast-main-header-display":"","ast-hfb-above-header-display":"","ast-hfb-below-header-display":"","ast-hfb-mobile-header-display":"","site-post-title":"","ast-breadcrumbs-content":"","ast-featured-img":"","footer-sml-layout":"","theme-transparent-header-meta":"default","adv-header-id-meta":"","stick-header-meta":"","header-above-stick-meta":"","header-main-stick-meta":"","header-below-stick-meta":"","astra-migrate-meta-layouts":"set","ast-page-background-enabled":"default","ast-page-background-meta":{"desktop":{"background-color":"var(--ast-global-color-4)","background-image":"","background-repeat":"repeat","background-position":"center center","background-size":"auto","background-attachment":"scroll","background-type":"","background-media":"","overlay-type":"","overlay-color":"","overlay-opacity":"","overlay-gradient":""},"tablet":{"background-color":"","background-image":"","background-repeat":"repeat","background-position":"center center","background-size":"auto","background-attachment":"scroll","background-type":"","background-media":"","overlay-type":"","overlay-color":"","overlay-opacity":"","overlay-gradient":""},"mobile":{"background-color":"","background-image":"","background-repeat":"repeat","background-position":"center center","background-size":"auto","background-attachment":"scroll","background-type":"","background-media":"","overlay-type":"","overlay-color":"","overlay-opacity":"","overlay-gradient":""}},"ast-content-background-meta":{"desktop":{"background-color":"var(--ast-global-color-5)","background-image":"","background-repeat":"repeat","background-position":"center center","background-size":"auto","background-attachment":"scroll","background-type":"","background-media":"","overlay-type":"","overlay-color":"","overlay-opacity":"","overlay-gradient":""},"tablet":{"background-color":"var(--ast-global-color-5)","background-image":"","background-repeat":"repeat","background-position":"center center","background-size":"auto","background-attachment":"scroll","background-type":"","background-media":"","overlay-type":"","overlay-color":"","overlay-opacity":"","overlay-gradient":""},"mobile":{"background-color":"var(--ast-global-color-5)","background-image":"","background-repeat":"repeat","background-position":"center center","background-size":"auto","background-attachment":"scroll","background-type":"","background-media":"","overlay-type":"","overlay-color":"","overlay-opacity":"","overlay-gradient":""}}},"product_brand":[],"product_cat":[27],"product_tag":[],"class_list":{"0":"post-2471","1":"product","2":"type-product","3":"status-publish","4":"has-post-thumbnail","6":"product_cat-baltymai","7":"desktop-align-left","8":"tablet-align-left","9":"mobile-align-left","11":"first","12":"instock","13":"taxable","14":"shipping-taxable","15":"purchasable","16":"product-type-simple"},"jetpack_sharing_enabled":true,"_links":{"self":[{"href":"https:\/\/nkpapildai.lt\/en\/wp-json\/wp\/v2\/product\/2471","targetHints":{"allow":["GET"]}}],"collection":[{"href":"https:\/\/nkpapildai.lt\/en\/wp-json\/wp\/v2\/product"}],"about":[{"href":"https:\/\/nkpapildai.lt\/en\/wp-json\/wp\/v2\/types\/product"}],"replies":[{"embeddable":true,"href":"https:\/\/nkpapildai.lt\/en\/wp-json\/wp\/v2\/comments?post=2471"}],"version-history":[{"count":7,"href":"https:\/\/nkpapildai.lt\/en\/wp-json\/wp\/v2\/product\/2471\/revisions"}],"predecessor-version":[{"id":2554,"href":"https:\/\/nkpapildai.lt\/en\/wp-json\/wp\/v2\/product\/2471\/revisions\/2554"}],"wp:featuredmedia":[{"embeddable":true,"href":"https:\/\/nkpapildai.lt\/en\/wp-json\/wp\/v2\/media\/2589"}],"wp:attachment":[{"href":"https:\/\/nkpapildai.lt\/en\/wp-json\/wp\/v2\/media?parent=2471"}],"wp:term":[{"taxonomy":"product_brand","embeddable":true,"href":"https:\/\/nkpapildai.lt\/en\/wp-json\/wp\/v2\/product_brand?post=2471"},{"taxonomy":"product_cat","embeddable":true,"href":"https:\/\/nkpapildai.lt\/en\/wp-json\/wp\/v2\/product_cat?post=2471"},{"taxonomy":"product_tag","embeddable":true,"href":"https:\/\/nkpapildai.lt\/en\/wp-json\/wp\/v2\/product_tag?post=2471"}],"curies":[{"name":"wp","href":"https:\/\/api.w.org\/{rel}","templated":true}]}}