{"id":2763,"date":"2025-12-06T11:54:21","date_gmt":"2025-12-06T09:54:21","guid":{"rendered":"https:\/\/nkpapildai.lt\/?post_type=product&#038;p=2763"},"modified":"2026-04-06T18:46:26","modified_gmt":"2026-04-06T16:46:26","slug":"nk-nauju-tikslu-rinkinys","status":"publish","type":"product","link":"https:\/\/nkpapildai.lt\/en\/product\/nk-nauju-tikslu-rinkinys\/","title":{"rendered":"\ud83d\udcaaNK Nauj\u0173 Tiksl\u0173 Rinkinys\ud83d\udcaa"},"content":{"rendered":"<p>Pasir\u016bpink savimi ar nustebink artim\u0105 \u2013 NK Izoliatas, Kreatinas ir Plaktuv\u0117 viename rinkinyje. Tai kiekvieno sportininko esminiai \u012frankiai u\u017etikrinti progres\u0105, atsigavim\u0105 ir progres\u0105 tiksl\u0173 link!<\/p>","protected":false},"excerpt":{"rendered":"<p>Rinkinyje yra:<\/p>\n<p>1x NK Izoliatas (1kg)<\/p>\n<p>1x NK Kreatino monohidratas (500g)<\/p>\n<p>1x NK Plaktuv\u0117 600ml<\/p>","protected":false},"featured_media":2767,"comment_status":"closed","ping_status":"closed","template":"","meta":{"site-sidebar-layout":"default","site-content-layout":"","ast-site-content-layout":"default","site-content-style":"default","site-sidebar-style":"default","ast-global-header-display":"","ast-banner-title-visibility":"","ast-main-header-display":"","ast-hfb-above-header-display":"","ast-hfb-below-header-display":"","ast-hfb-mobile-header-display":"","site-post-title":"","ast-breadcrumbs-content":"","ast-featured-img":"","footer-sml-layout":"","theme-transparent-header-meta":"default","adv-header-id-meta":"","stick-header-meta":"","header-above-stick-meta":"","header-main-stick-meta":"","header-below-stick-meta":"","astra-migrate-meta-layouts":"set","ast-page-background-enabled":"default","ast-page-background-meta":{"desktop":{"background-color":"var(--ast-global-color-4)","background-image":"","background-repeat":"repeat","background-position":"center center","background-size":"auto","background-attachment":"scroll","background-type":"","background-media":"","overlay-type":"","overlay-color":"","overlay-opacity":"","overlay-gradient":""},"tablet":{"background-color":"","background-image":"","background-repeat":"repeat","background-position":"center center","background-size":"auto","background-attachment":"scroll","background-type":"","background-media":"","overlay-type":"","overlay-color":"","overlay-opacity":"","overlay-gradient":""},"mobile":{"background-color":"","background-image":"","background-repeat":"repeat","background-position":"center center","background-size":"auto","background-attachment":"scroll","background-type":"","background-media":"","overlay-type":"","overlay-color":"","overlay-opacity":"","overlay-gradient":""}},"ast-content-background-meta":{"desktop":{"background-color":"var(--ast-global-color-5)","background-image":"","background-repeat":"repeat","background-position":"center center","background-size":"auto","background-attachment":"scroll","background-type":"","background-media":"","overlay-type":"","overlay-color":"","overlay-opacity":"","overlay-gradient":""},"tablet":{"background-color":"var(--ast-global-color-5)","background-image":"","background-repeat":"repeat","background-position":"center center","background-size":"auto","background-attachment":"scroll","background-type":"","background-media":"","overlay-type":"","overlay-color":"","overlay-opacity":"","overlay-gradient":""},"mobile":{"background-color":"var(--ast-global-color-5)","background-image":"","background-repeat":"repeat","background-position":"center center","background-size":"auto","background-attachment":"scroll","background-type":"","background-media":"","overlay-type":"","overlay-color":"","overlay-opacity":"","overlay-gradient":""}}},"product_brand":[],"product_cat":[41],"product_tag":[],"class_list":{"0":"post-2763","1":"product","2":"type-product","3":"status-publish","4":"has-post-thumbnail","6":"product_cat-rinkiniai","7":"desktop-align-left","8":"tablet-align-left","9":"mobile-align-left","11":"first","12":"outofstock","13":"sale","14":"taxable","15":"shipping-taxable","16":"purchasable","17":"product-type-variable","18":"has-default-attributes"},"jetpack_sharing_enabled":true,"_links":{"self":[{"href":"https:\/\/nkpapildai.lt\/en\/wp-json\/wp\/v2\/product\/2763","targetHints":{"allow":["GET"]}}],"collection":[{"href":"https:\/\/nkpapildai.lt\/en\/wp-json\/wp\/v2\/product"}],"about":[{"href":"https:\/\/nkpapildai.lt\/en\/wp-json\/wp\/v2\/types\/product"}],"replies":[{"embeddable":true,"href":"https:\/\/nkpapildai.lt\/en\/wp-json\/wp\/v2\/comments?post=2763"}],"version-history":[{"count":4,"href":"https:\/\/nkpapildai.lt\/en\/wp-json\/wp\/v2\/product\/2763\/revisions"}],"predecessor-version":[{"id":2833,"href":"https:\/\/nkpapildai.lt\/en\/wp-json\/wp\/v2\/product\/2763\/revisions\/2833"}],"wp:featuredmedia":[{"embeddable":true,"href":"https:\/\/nkpapildai.lt\/en\/wp-json\/wp\/v2\/media\/2767"}],"wp:attachment":[{"href":"https:\/\/nkpapildai.lt\/en\/wp-json\/wp\/v2\/media?parent=2763"}],"wp:term":[{"taxonomy":"product_brand","embeddable":true,"href":"https:\/\/nkpapildai.lt\/en\/wp-json\/wp\/v2\/product_brand?post=2763"},{"taxonomy":"product_cat","embeddable":true,"href":"https:\/\/nkpapildai.lt\/en\/wp-json\/wp\/v2\/product_cat?post=2763"},{"taxonomy":"product_tag","embeddable":true,"href":"https:\/\/nkpapildai.lt\/en\/wp-json\/wp\/v2\/product_tag?post=2763"}],"curies":[{"name":"wp","href":"https:\/\/api.w.org\/{rel}","templated":true}]}}